{"id":44,"date":"2025-03-17T18:00:25","date_gmt":"2025-03-17T17:00:25","guid":{"rendered":"https:\/\/zwicksondermaschinenbau-vertrieb.de\/?page_id=44"},"modified":"2025-03-17T23:00:27","modified_gmt":"2025-03-17T22:00:27","slug":"startseite","status":"publish","type":"page","link":"https:\/\/zwicksondermaschinenbau-vertrieb.de\/","title":{"rendered":"Unsere Leistungen"},"content":{"rendered":"\n<p class=\"has-accent-color has-text-color has-link-color has-large-font-size wp-elements-fdb7bd1faa781560988dd1e978319555\">Die Seite befindet sich aktuell noch im Aufbau!<\/p>\n\n\n\n<p>Wir sind stolz darauf, Ihnen als erfahrene und zuverl\u00e4ssige Partner im Bereich Forst- und Agrarfahrzeuge zur Seite zu stehen. Mit unserem Sitz im wundersch\u00f6nen Pf\u00e4lzerwald bieten wir Ihnen eine breite Palette an ma\u00dfgeschneiderten L\u00f6sungen f\u00fcr Ihre Anforderungen.<\/p>\n\n\n\n<p>Unsere Dienstleistungen im \u00dcberblick:<\/p>\n\n\n\n<div class=\"wp-block-columns alignwide are-vertically-aligned-center is-layout-flex wp-container-core-columns-is-layout-9d6595d7 wp-block-columns-is-layout-flex\">\n<div class=\"wp-block-column is-vertically-aligned-center is-layout-flow wp-block-column-is-layout-flow\">\n<div class=\"wp-block-buttons alignwide is-layout-flex wp-block-buttons-is-layout-flex\">\n<div class=\"wp-block-button has-custom-width wp-block-button__width-100\"><a class=\"wp-block-button__link wp-element-button\" href=\"#sondermaschinenbau\">Sondermaschinenbau<\/a><\/div>\n<\/div>\n<\/div>\n\n\n\n<div class=\"wp-block-column is-vertically-aligned-center is-layout-flow wp-block-column-is-layout-flow\">\n<div class=\"wp-block-buttons is-content-justification-center is-layout-flex wp-container-core-buttons-is-layout-16018d1d wp-block-buttons-is-layout-flex\">\n<div class=\"wp-block-button\"><a class=\"wp-block-button__link wp-element-button\" href=\"#wartungsservice\">Wartungsservice<\/a><\/div>\n<\/div>\n<\/div>\n\n\n\n<div class=\"wp-block-column is-vertically-aligned-center is-layout-flow wp-block-column-is-layout-flow\">\n<div class=\"wp-block-buttons is-layout-flex wp-block-buttons-is-layout-flex\">\n<div class=\"wp-block-button\"><a class=\"wp-block-button__link wp-element-button\" href=\"#seilwindenpr\u00fcfung\">Bald verf\u00fcgbar:<br>Seilwindenpr\u00fcfung<br>Kranpr\u00fcfung<\/a><\/div>\n<\/div>\n<\/div>\n<\/div>\n\n\n\n<p class=\"has-large-font-size\">Kontakt:<\/p>\n\n\n\n<p class=\"has-large-font-size\"><a href=\"mailto: zwick@zwicksondermaschinenbau-vertrieb.de\" data-type=\"link\" data-id=\"zwick@zwicksondermaschinenbau-vertrieb.de\">zwick@zwicksondermaschinenbau-vertrieb.de<\/a><\/p>\n\n\n\n<p><\/p>\n\n\n\n<p><\/p>\n\n\n\n<p id=\"sondermaschinenbau\"><strong>Sondermaschinenbau<\/strong><br>Im Bereich Sondermaschinenbau bieten wir die Konstruktion von Maschinenauf- und &#8211; umbauten insbesondere im Bereich Forst- und Agrarfahrzeuge.<\/p>\n\n\n\n<p><\/p>\n\n\n\n<p id=\"wartungsservice\"><strong>Wartungsservice<\/strong><br>Gerne bieten wir Ihnen auf Anfrage einen Wartungsservice f\u00fcr Forstmaschinen in der Region des Pf\u00e4lzerwaldes an. <\/p>\n\n\n\n<p><\/p>\n\n\n\n<p id=\"seilwindenpr\u00fcfung\"><strong>Bald verf\u00fcgbar: Seilwindenpr\u00fcfung<\/strong><br>Aktuell befinden wir uns in der Weiterbildung f\u00fcr Seilwindenpr\u00fcfungen und werden diese ab ca. Herbst 2025 anbieten. Kontaktieren Sie uns bei Interesse gerne bereits jetzt.<\/p>\n\n\n\n<p><\/p>\n\n\n\n<p><\/p>\n","protected":false},"excerpt":{"rendered":"<p>Die Seite befindet sich aktuell noch im Aufbau! Wir sind stolz darauf, Ihnen als erfahrene und zuverl\u00e4ssige Partner im Bereich Forst- und Agrarfahrzeuge zur Seite zu stehen. Mit unserem Sitz im wundersch\u00f6nen Pf\u00e4lzerwald bieten wir Ihnen eine breite Palette an ma\u00dfgeschneiderten L\u00f6sungen f\u00fcr Ihre Anforderungen. Unsere Dienstleistungen im \u00dcberblick: Kontakt: zwick@zwicksondermaschinenbau-vertrieb.de SondermaschinenbauIm Bereich Sondermaschinenbau bieten [&hellip;]<\/p>\n","protected":false},"author":1,"featured_media":0,"parent":0,"menu_order":1,"comment_status":"closed","ping_status":"closed","template":"templates\/template-full-width.php","meta":{"footnotes":""},"class_list":["post-44","page","type-page","status-publish","hentry"],"_links":{"self":[{"href":"https:\/\/zwicksondermaschinenbau-vertrieb.de\/index.php?rest_route=\/wp\/v2\/pages\/44","targetHints":{"allow":["GET"]}}],"collection":[{"href":"https:\/\/zwicksondermaschinenbau-vertrieb.de\/index.php?rest_route=\/wp\/v2\/pages"}],"about":[{"href":"https:\/\/zwicksondermaschinenbau-vertrieb.de\/index.php?rest_route=\/wp\/v2\/types\/page"}],"author":[{"embeddable":true,"href":"https:\/\/zwicksondermaschinenbau-vertrieb.de\/index.php?rest_route=\/wp\/v2\/users\/1"}],"replies":[{"embeddable":true,"href":"https:\/\/zwicksondermaschinenbau-vertrieb.de\/index.php?rest_route=%2Fwp%2Fv2%2Fcomments&post=44"}],"version-history":[{"count":23,"href":"https:\/\/zwicksondermaschinenbau-vertrieb.de\/index.php?rest_route=\/wp\/v2\/pages\/44\/revisions"}],"predecessor-version":[{"id":94,"href":"https:\/\/zwicksondermaschinenbau-vertrieb.de\/index.php?rest_route=\/wp\/v2\/pages\/44\/revisions\/94"}],"wp:attachment":[{"href":"https:\/\/zwicksondermaschinenbau-vertrieb.de\/index.php?rest_route=%2Fwp%2Fv2%2Fmedia&parent=44"}],"curies":[{"name":"wp","href":"https:\/\/api.w.org\/{rel}","templated":true}]}}